{"id":319,"date":"2020-07-17T18:43:46","date_gmt":"2020-07-17T16:43:46","guid":{"rendered":"http:\/\/anima-gmbh.de\/?page_id=319"},"modified":"2020-07-17T18:44:35","modified_gmt":"2020-07-17T16:44:35","slug":"impressum-disclaimer","status":"publish","type":"page","link":"https:\/\/anima-gmbh.de\/ru\/impressum-disclaimer\/","title":{"rendered":"Impressum\/Disclaimer"},"content":{"rendered":"<h2>Impressum<\/h2>\n<p>Anima GmbH<br>\nIm Sp\u00e4henfelde 51<br>44143 Dortmund<\/p>\n<p>Telefon: 0231 137 489 00<br>\nTelefax: 0231 137 489 02<br>\nE-Mail: <a href=\"mailto:info@anima-gmbh.de\">info@anima-gmbh.de<\/a><br>\n<\/p>\n<p><strong>Vertreten durch:<\/strong><br>Gesch\u00e4ftsf\u00fchrerin: Viktoria\nChub<\/p><p><strong>Registereintrag:<\/strong><br>Eingetragen im\nHandelsregister.<br>Registergericht: Amtsgericht Dortmund<br>Registernummer:\nHRB 30934<\/p><p><strong>Umsatzsteuer-ID: <\/strong><br>Umsatzsteuer-Identifikationsnummer nach \u00a727a Umsatzsteuergesetz:<br>DE 325\n274 206<\/p><p><strong>Bildrechte:<\/strong><br>123rf.com, Fotolia.de<\/p>\n<br><h2>Hinweis gem\u00e4\u00df\nOnline-Streitbeilegungs-Verordnung<\/h2><p>Nach geltendem Recht sind wir\nverpflichtet, Verbraucher auf die Existenz der Europ\u00e4ischen\nOnline-Streitbeilegungs-Plattform hinzuweisen, die f\u00fcr die Beilegung von\nStreitigkeiten genutzt werden kann, ohne dass ein Gericht eingeschaltet werden\nmuss. F\u00fcr die Einrichtung der Plattform ist die Europ\u00e4ische Kommission\nzust\u00e4ndig. Die Europ\u00e4ische Online-Streitbeilegungs-Plattform ist hier\nzu finden: <a href=\"http:\/\/ec.europa.eu\/odr\" target=\"_blank\" rel=\"nofollow noopener noreferrer\">http:\/\/ec.europa.eu\/odr<\/a>. Unsere E-Mail lautet: <a href=\"mailto:info@anima-gmbh.de\">info@anima-gmbh.de<\/a><\/p><p>Wir weisen aber\ndarauf hin, dass wir nicht bereit sind, uns am Streitbeilegungsverfahren im\nRahmen der Europ\u00e4ischen Online-Streitbeilegungs-Plattform zu beteiligen.\nNutzen Sie zur Kontaktaufnahme bitte unsere obige E-Mail und\nTelefonnummer.<\/p><br><br><h2>Disclaimer \u2013 rechtliche Hinweise<\/h2>\n\n\u00a7 1 Warnhinweis zu Inhalten<br>\nDie kostenlosen und frei zug\u00e4nglichen Inhalte dieser Webseite wurden mit\ngr\u00f6\u00dftm\u00f6glicher Sorgfalt erstellt. Der Anbieter dieser Webseite \u00fcbernimmt jedoch\nkeine Gew\u00e4hr f\u00fcr die Richtigkeit und Aktualit\u00e4t der bereitgestellten kostenlosen\nund frei zug\u00e4nglichen journalistischen Ratgeber und Nachrichten. Namentlich\ngekennzeichnete Beitr\u00e4ge geben die Meinung des jeweiligen Autors und nicht immer\ndie Meinung des Anbieters wieder. Allein durch den Aufruf der kostenlosen und\nfrei zug\u00e4nglichen Inhalte kommt keinerlei Vertragsverh\u00e4ltnis zwischen dem Nutzer\nund dem Anbieter zustande, insoweit fehlt es am Rechtsbindungswillen des\nAnbieters.<br>\n<br>\n\u00a7 2 Externe Links<br>\nDiese Website enth\u00e4lt Verkn\u00fcpfungen zu Websites Dritter (&#8222;externe Links&#8220;). Diese\nWebsites unterliegen der Haftung der jeweiligen Betreiber. Der Anbieter hat bei\nder erstmaligen Verkn\u00fcpfung der externen Links die fremden Inhalte daraufhin\n\u00fcberpr\u00fcft, ob etwaige Rechtsverst\u00f6\u00dfe bestehen. Zu dem Zeitpunkt waren keine\nRechtsverst\u00f6\u00dfe ersichtlich. Der Anbieter hat keinerlei Einfluss auf die aktuelle\nund zuk\u00fcnftige Gestaltung und auf die Inhalte der verkn\u00fcpften Seiten. Das Setzen\nvon externen Links bedeutet nicht, dass sich der Anbieter die hinter dem Verweis\noder Link liegenden Inhalte zu Eigen macht. Eine st\u00e4ndige Kontrolle der externen\nLinks ist f\u00fcr den Anbieter ohne konkrete Hinweise auf Rechtsverst\u00f6\u00dfe nicht\nzumutbar. Bei Kenntnis von Rechtsverst\u00f6\u00dfen werden jedoch derartige externe Links\nunverz\u00fcglich gel\u00f6scht.<br>\n<br>\n\u00a7 3 Urheber- und Leistungsschutzrechte<br>\nDie auf dieser Website ver\u00f6ffentlichten Inhalte unterliegen dem deutschen\nUrheber- und Leistungsschutzrecht. Jede vom deutschen Urheber- und\nLeistungsschutzrecht nicht zugelassene Verwertung bedarf der vorherigen\nschriftlichen Zustimmung des Anbieters oder jeweiligen Rechteinhabers. Dies gilt\ninsbesondere f\u00fcr Vervielf\u00e4ltigung, Bearbeitung, \u00dcbersetzung, Einspeicherung,\nVerarbeitung bzw. Wiedergabe von Inhalten in Datenbanken oder anderen\nelektronischen Medien und Systemen. Inhalte und Rechte Dritter sind dabei als\nsolche gekennzeichnet. Die unerlaubte Vervielf\u00e4ltigung oder Weitergabe einzelner\nInhalte oder kompletter Seiten ist nicht gestattet und strafbar. Lediglich die\nHerstellung von Kopien und Downloads f\u00fcr den pers\u00f6nlichen, privaten und nicht\nkommerziellen Gebrauch ist erlaubt.<br>\n<br>\nDie Darstellung dieser Website in fremden Frames ist nur mit schriftlicher\nErlaubnis zul\u00e4ssig.<br>\n<br>\n\u00a7 4 Besondere Nutzungsbedingungen<br>\nSoweit besondere Bedingungen f\u00fcr einzelne Nutzungen dieser Website von den\nvorgenannten Paragraphen abweichen, wird an entsprechender Stelle ausdr\u00fccklich\ndarauf hingewiesen. In diesem Falle gelten im jeweiligen Einzelfall die\nbesonderen Nutzungsbedingungen.<p>Quelle: <a href=\"https:\/\/www.juraforum.de\/impressum-generator\/\">Impressum Muster von\nJuraForum.de<\/a><\/p>","protected":false},"excerpt":{"rendered":"<p>Impressum Anima GmbH Im Sp\u00e4henfelde 5144143 Dortmund Telefon: 0231 137 489 00 Telefax: 0231 137 489 02 E-Mail: info@anima-gmbh.de Vertreten durch:Gesch\u00e4ftsf\u00fchrerin: Viktoria Chub Registereintrag:Eingetragen im Handelsregister.Registergericht: Amtsgericht DortmundRegisternummer: HRB 30934 Umsatzsteuer-ID: Umsatzsteuer-Identifikationsnummer nach \u00a727a Umsatzsteuergesetz:DE 325 274 206 Bildrechte:123rf.com, Fotolia.de Hinweis gem\u00e4\u00df Online-Streitbeilegungs-Verordnung Nach geltendem Recht sind wir verpflichtet, Verbraucher auf die Existenz der Europ\u00e4ischen [&hellip;]<\/p>\n","protected":false},"author":1,"featured_media":0,"parent":0,"menu_order":0,"comment_status":"closed","ping_status":"closed","template":"","meta":{"footnotes":""},"class_list":["post-319","page","type-page","status-publish","hentry"],"_links":{"self":[{"href":"https:\/\/anima-gmbh.de\/ru\/wp-json\/wp\/v2\/pages\/319","targetHints":{"allow":["GET"]}}],"collection":[{"href":"https:\/\/anima-gmbh.de\/ru\/wp-json\/wp\/v2\/pages"}],"about":[{"href":"https:\/\/anima-gmbh.de\/ru\/wp-json\/wp\/v2\/types\/page"}],"author":[{"embeddable":true,"href":"https:\/\/anima-gmbh.de\/ru\/wp-json\/wp\/v2\/users\/1"}],"replies":[{"embeddable":true,"href":"https:\/\/anima-gmbh.de\/ru\/wp-json\/wp\/v2\/comments?post=319"}],"version-history":[{"count":2,"href":"https:\/\/anima-gmbh.de\/ru\/wp-json\/wp\/v2\/pages\/319\/revisions"}],"predecessor-version":[{"id":321,"href":"https:\/\/anima-gmbh.de\/ru\/wp-json\/wp\/v2\/pages\/319\/revisions\/321"}],"wp:attachment":[{"href":"https:\/\/anima-gmbh.de\/ru\/wp-json\/wp\/v2\/media?parent=319"}],"curies":[{"name":"wp","href":"https:\/\/api.w.org\/{rel}","templated":true}]}}